{"id":86,"date":"2021-02-24T14:03:21","date_gmt":"2021-02-24T13:03:21","guid":{"rendered":"https:\/\/shop.butterfly-voltigieren.de\/?post_type=product&#038;p=86"},"modified":"2025-06-17T17:05:40","modified_gmt":"2025-06-17T15:05:40","slug":"transporttasche","status":"publish","type":"product","link":"https:\/\/butterfly-voltigieren.de\/?product=transporttasche","title":{"rendered":"Transporttasche"},"content":{"rendered":"<p>Die praktische Transporttasche<\/p>\n<p>F\u00fcr den Transport und die Aufbewahrung des Voltigiergurtes sowie des Zubeh\u00f6rs eignet sich die Nylontasche mit Rei\u00dfverschluss, Trage- und Umh\u00e4ngeriemen perfekt. Die aufgesetzte Au\u00dfentasche h\u00e4lt beispielsweise die Turnierunterlagen bereit. Die Tasche ist leicht zu reinigen und kann in leerem Zustand platzsparend verstaut werden.<\/p>\n","protected":false},"excerpt":{"rendered":"<p>Die praktische Transporttasche F\u00fcr den Transport und die Aufbewahrung des Voltigiergurtes sowie des Zubeh\u00f6rs eignet sich die Nylontasche mit Rei\u00dfverschluss, Trage- und Umh\u00e4ngeriemen perfekt. Die aufgesetzte Au\u00dfentasche h\u00e4lt beispielsweise die Turnierunterlagen bereit. Die Tasche ist leicht zu reinigen und kann in leerem Zustand platzsparend verstaut werden.<\/p>\n","protected":false},"featured_media":421,"comment_status":"open","ping_status":"closed","template":"","meta":{"_et_pb_use_builder":"","_et_pb_old_content":"","_et_gb_content_width":""},"product_brand":[],"product_cat":[25],"product_tag":[],"class_list":{"0":"post-86","1":"product","2":"type-product","3":"status-publish","4":"has-post-thumbnail","6":"product_cat-transporttasche","8":"first","9":"instock","10":"shipping-taxable","11":"purchasable","12":"product-type-simple"},"_links":{"self":[{"href":"https:\/\/butterfly-voltigieren.de\/index.php?rest_route=\/wp\/v2\/product\/86","targetHints":{"allow":["GET"]}}],"collection":[{"href":"https:\/\/butterfly-voltigieren.de\/index.php?rest_route=\/wp\/v2\/product"}],"about":[{"href":"https:\/\/butterfly-voltigieren.de\/index.php?rest_route=\/wp\/v2\/types\/product"}],"replies":[{"embeddable":true,"href":"https:\/\/butterfly-voltigieren.de\/index.php?rest_route=%2Fwp%2Fv2%2Fcomments&post=86"}],"wp:featuredmedia":[{"embeddable":true,"href":"https:\/\/butterfly-voltigieren.de\/index.php?rest_route=\/wp\/v2\/media\/421"}],"wp:attachment":[{"href":"https:\/\/butterfly-voltigieren.de\/index.php?rest_route=%2Fwp%2Fv2%2Fmedia&parent=86"}],"wp:term":[{"taxonomy":"product_brand","embeddable":true,"href":"https:\/\/butterfly-voltigieren.de\/index.php?rest_route=%2Fwp%2Fv2%2Fproduct_brand&post=86"},{"taxonomy":"product_cat","embeddable":true,"href":"https:\/\/butterfly-voltigieren.de\/index.php?rest_route=%2Fwp%2Fv2%2Fproduct_cat&post=86"},{"taxonomy":"product_tag","embeddable":true,"href":"https:\/\/butterfly-voltigieren.de\/index.php?rest_route=%2Fwp%2Fv2%2Fproduct_tag&post=86"}],"curies":[{"name":"wp","href":"https:\/\/api.w.org\/{rel}","templated":true}]}}