{"id":85,"date":"2021-02-24T13:59:44","date_gmt":"2021-02-24T12:59:44","guid":{"rendered":"https:\/\/shop.butterfly-voltigieren.de\/?post_type=product&#038;p=85"},"modified":"2025-06-02T02:33:32","modified_gmt":"2025-06-02T00:33:32","slug":"dreieckszuegel","status":"publish","type":"product","link":"https:\/\/butterfly-voltigieren.de\/?product=dreieckszuegel","title":{"rendered":"Dreiecksz\u00fcgel"},"content":{"rendered":"<p><b>Dreiecksz\u00fcgel<\/b><\/p>\n<ul>\n<li>Gr\u00f6\u00dfe M: verstellbar von 150 bis 210 cm<\/li>\n<li>Gr\u00f6\u00dfe L: verstellbar von 180 bis 240 cm<\/li>\n<li>L\u00e4ngenverstellung mit durchlaufender Schlaufe, so dass kein st\u00f6rendes Ende herumh\u00e4ngt<\/li>\n<li>mit Schnallenteil und nicht drehbarem Karabiner<span class=\"Apple-converted-space\">\u00a0<\/span>(mit Schnalle und\/oder Karabiner nutzbar)<\/li>\n<li>schnelles Ein- und Aush\u00e4ngen mithilfe der<span class=\"Apple-converted-space\">\u00a0<\/span>beidseitigen Karabiner<\/li>\n<li>keine Verletzungsgefahr bedingt durch flache,<span class=\"Apple-converted-space\">\u00a0<\/span>hakenlose Karabiner<\/li>\n<li>Material: Lemico\u00ae<\/li>\n<\/ul>\n","protected":false},"excerpt":{"rendered":"<p>Dreiecksz\u00fcgel Gr\u00f6\u00dfe M: verstellbar von 150 bis 210 cm Gr\u00f6\u00dfe L: verstellbar von 180 bis 240 cm L\u00e4ngenverstellung mit durchlaufender Schlaufe, so dass kein st\u00f6rendes Ende herumh\u00e4ngt mit Schnallenteil und nicht drehbarem Karabiner\u00a0(mit Schnalle und\/oder Karabiner nutzbar) schnelles Ein- und Aush\u00e4ngen mithilfe der\u00a0beidseitigen Karabiner keine Verletzungsgefahr bedingt durch flache,\u00a0hakenlose Karabiner Material: Lemico\u00ae<\/p>\n","protected":false},"featured_media":791,"comment_status":"open","ping_status":"closed","template":"","meta":{"_et_pb_use_builder":"","_et_pb_old_content":"","_et_gb_content_width":""},"product_brand":[],"product_cat":[22],"product_tag":[],"class_list":{"0":"post-85","1":"product","2":"type-product","3":"status-publish","4":"has-post-thumbnail","6":"product_cat-dreieckszuegel","8":"first","9":"instock","10":"shipping-taxable","11":"purchasable","12":"product-type-variable"},"_links":{"self":[{"href":"https:\/\/butterfly-voltigieren.de\/index.php?rest_route=\/wp\/v2\/product\/85","targetHints":{"allow":["GET"]}}],"collection":[{"href":"https:\/\/butterfly-voltigieren.de\/index.php?rest_route=\/wp\/v2\/product"}],"about":[{"href":"https:\/\/butterfly-voltigieren.de\/index.php?rest_route=\/wp\/v2\/types\/product"}],"replies":[{"embeddable":true,"href":"https:\/\/butterfly-voltigieren.de\/index.php?rest_route=%2Fwp%2Fv2%2Fcomments&post=85"}],"wp:featuredmedia":[{"embeddable":true,"href":"https:\/\/butterfly-voltigieren.de\/index.php?rest_route=\/wp\/v2\/media\/791"}],"wp:attachment":[{"href":"https:\/\/butterfly-voltigieren.de\/index.php?rest_route=%2Fwp%2Fv2%2Fmedia&parent=85"}],"wp:term":[{"taxonomy":"product_brand","embeddable":true,"href":"https:\/\/butterfly-voltigieren.de\/index.php?rest_route=%2Fwp%2Fv2%2Fproduct_brand&post=85"},{"taxonomy":"product_cat","embeddable":true,"href":"https:\/\/butterfly-voltigieren.de\/index.php?rest_route=%2Fwp%2Fv2%2Fproduct_cat&post=85"},{"taxonomy":"product_tag","embeddable":true,"href":"https:\/\/butterfly-voltigieren.de\/index.php?rest_route=%2Fwp%2Fv2%2Fproduct_tag&post=85"}],"curies":[{"name":"wp","href":"https:\/\/api.w.org\/{rel}","templated":true}]}}