{"id":800,"date":"2021-09-13T16:01:32","date_gmt":"2021-09-13T14:01:32","guid":{"rendered":"https:\/\/butterfly-voltigieren.de\/?post_type=product&#038;p=800"},"modified":"2025-07-07T04:38:12","modified_gmt":"2025-07-07T02:38:12","slug":"ausbinder","status":"publish","type":"product","link":"https:\/\/butterfly-voltigieren.de\/?product=ausbinder","title":{"rendered":"Ausbinder"},"content":{"rendered":"<ul>\n<li>L\u00e4ngenverstellung mit durchlaufender Schlaufe, so dass kein st\u00f6rendes Ende herumh\u00e4ngt<\/li>\n<li>schnelles Ein- und Aush\u00e4ngen mithilfe der beidseitigen Karabiner<\/li>\n<li>keine Verletzungsgefahr bedingt durch flache, hakenlose Karabiner<\/li>\n<li>Material: LEMICO\u00ae<\/li>\n<\/ul>\n","protected":false},"excerpt":{"rendered":"<p>L\u00e4ngenverstellung mit durchlaufender Schlaufe, so dass kein st\u00f6rendes Ende herumh\u00e4ngt schnelles Ein- und Aush\u00e4ngen mithilfe der beidseitigen Karabiner keine Verletzungsgefahr bedingt durch flache, hakenlose Karabiner Material: LEMICO\u00ae<\/p>\n","protected":false},"featured_media":790,"comment_status":"open","ping_status":"closed","template":"","meta":{"_et_pb_use_builder":"","_et_pb_old_content":"","_et_gb_content_width":""},"product_brand":[],"product_cat":[15],"product_tag":[],"class_list":{"0":"post-800","1":"product","2":"type-product","3":"status-publish","4":"has-post-thumbnail","6":"product_cat-unkategorisiert","8":"first","9":"outofstock","10":"shipping-taxable","11":"purchasable","12":"product-type-variable"},"_links":{"self":[{"href":"https:\/\/butterfly-voltigieren.de\/index.php?rest_route=\/wp\/v2\/product\/800","targetHints":{"allow":["GET"]}}],"collection":[{"href":"https:\/\/butterfly-voltigieren.de\/index.php?rest_route=\/wp\/v2\/product"}],"about":[{"href":"https:\/\/butterfly-voltigieren.de\/index.php?rest_route=\/wp\/v2\/types\/product"}],"replies":[{"embeddable":true,"href":"https:\/\/butterfly-voltigieren.de\/index.php?rest_route=%2Fwp%2Fv2%2Fcomments&post=800"}],"wp:featuredmedia":[{"embeddable":true,"href":"https:\/\/butterfly-voltigieren.de\/index.php?rest_route=\/wp\/v2\/media\/790"}],"wp:attachment":[{"href":"https:\/\/butterfly-voltigieren.de\/index.php?rest_route=%2Fwp%2Fv2%2Fmedia&parent=800"}],"wp:term":[{"taxonomy":"product_brand","embeddable":true,"href":"https:\/\/butterfly-voltigieren.de\/index.php?rest_route=%2Fwp%2Fv2%2Fproduct_brand&post=800"},{"taxonomy":"product_cat","embeddable":true,"href":"https:\/\/butterfly-voltigieren.de\/index.php?rest_route=%2Fwp%2Fv2%2Fproduct_cat&post=800"},{"taxonomy":"product_tag","embeddable":true,"href":"https:\/\/butterfly-voltigieren.de\/index.php?rest_route=%2Fwp%2Fv2%2Fproduct_tag&post=800"}],"curies":[{"name":"wp","href":"https:\/\/api.w.org\/{rel}","templated":true}]}}