{"id":74,"date":"2021-02-24T13:18:40","date_gmt":"2021-02-24T12:18:40","guid":{"rendered":"https:\/\/shop.butterfly-voltigieren.de\/?post_type=product&#038;p=74"},"modified":"2025-04-24T13:28:40","modified_gmt":"2025-04-24T11:28:40","slug":"bauchgurt","status":"publish","type":"product","link":"https:\/\/butterfly-voltigieren.de\/?product=bauchgurt","title":{"rendered":"Bauchgurt"},"content":{"rendered":"<p><b>Bauchgurt\u00a0<\/b><\/p>\n<ul>\n<li>mit langen Strippen f\u00fcr den Rollenanzug<\/li>\n<li>Der ergonomische Schnitt als \u201eMondgurt\u201c<span class=\"Apple-converted-space\">\u00a0 <\/span>mit gr\u00f6\u00dferer Auflagefl\u00e4che und viel Ellenbogenfreiheit f\u00fchrt zu einer optimalen Druckverteilung und entlastet das Brustbein.<\/li>\n<li>Die weiche Bauchauflage aus synthetischem<span class=\"Apple-converted-space\">\u00a0<\/span>Kautschuk verhindert ein Verrutschen.<\/li>\n<li>mit mittigem D-Ring f\u00fcr Hilfsz\u00fcgel<\/li>\n<li>Materialien: MEMOFORM und LEMICO\u00ae sowie<span class=\"Apple-converted-space\">\u00a0<\/span>synthetischer Kautschuk<\/li>\n<\/ul>\n","protected":false},"excerpt":{"rendered":"<p>Bauchgurt\u00a0 mit langen Strippen f\u00fcr den Rollenanzug Der ergonomische Schnitt als \u201eMondgurt\u201c\u00a0 mit gr\u00f6\u00dferer Auflagefl\u00e4che und viel Ellenbogenfreiheit f\u00fchrt zu einer optimalen Druckverteilung und entlastet das Brustbein. Die weiche Bauchauflage aus synthetischem\u00a0Kautschuk verhindert ein Verrutschen. mit mittigem D-Ring f\u00fcr Hilfsz\u00fcgel Materialien: MEMOFORM und LEMICO\u00ae sowie\u00a0synthetischer Kautschuk<\/p>\n","protected":false},"featured_media":425,"comment_status":"open","ping_status":"closed","template":"","meta":{"_et_pb_use_builder":"","_et_pb_old_content":"","_et_gb_content_width":""},"product_brand":[],"product_cat":[19],"product_tag":[],"class_list":{"0":"post-74","1":"product","2":"type-product","3":"status-publish","4":"has-post-thumbnail","6":"product_cat-bauchgurt","8":"first","9":"outofstock","10":"shipping-taxable","11":"purchasable","12":"product-type-variable"},"_links":{"self":[{"href":"https:\/\/butterfly-voltigieren.de\/index.php?rest_route=\/wp\/v2\/product\/74","targetHints":{"allow":["GET"]}}],"collection":[{"href":"https:\/\/butterfly-voltigieren.de\/index.php?rest_route=\/wp\/v2\/product"}],"about":[{"href":"https:\/\/butterfly-voltigieren.de\/index.php?rest_route=\/wp\/v2\/types\/product"}],"replies":[{"embeddable":true,"href":"https:\/\/butterfly-voltigieren.de\/index.php?rest_route=%2Fwp%2Fv2%2Fcomments&post=74"}],"wp:featuredmedia":[{"embeddable":true,"href":"https:\/\/butterfly-voltigieren.de\/index.php?rest_route=\/wp\/v2\/media\/425"}],"wp:attachment":[{"href":"https:\/\/butterfly-voltigieren.de\/index.php?rest_route=%2Fwp%2Fv2%2Fmedia&parent=74"}],"wp:term":[{"taxonomy":"product_brand","embeddable":true,"href":"https:\/\/butterfly-voltigieren.de\/index.php?rest_route=%2Fwp%2Fv2%2Fproduct_brand&post=74"},{"taxonomy":"product_cat","embeddable":true,"href":"https:\/\/butterfly-voltigieren.de\/index.php?rest_route=%2Fwp%2Fv2%2Fproduct_cat&post=74"},{"taxonomy":"product_tag","embeddable":true,"href":"https:\/\/butterfly-voltigieren.de\/index.php?rest_route=%2Fwp%2Fv2%2Fproduct_tag&post=74"}],"curies":[{"name":"wp","href":"https:\/\/api.w.org\/{rel}","templated":true}]}}