{"id":395,"date":"2021-03-03T13:37:41","date_gmt":"2021-03-03T12:37:41","guid":{"rendered":"https:\/\/shop.butterfly-voltigieren.de\/?page_id=395"},"modified":"2021-03-25T07:40:30","modified_gmt":"2021-03-25T06:40:30","slug":"agb-onlineshop","status":"publish","type":"page","link":"https:\/\/butterfly-voltigieren.de\/?page_id=395","title":{"rendered":"AGB Onlineshop"},"content":{"rendered":"<p>[et_pb_section fb_built=&#8220;1&#8243; _builder_version=&#8220;4.9.0&#8243; _module_preset=&#8220;default&#8220;][et_pb_row _builder_version=&#8220;4.9.0&#8243; _module_preset=&#8220;default&#8220;][et_pb_column type=&#8220;4_4&#8243; _builder_version=&#8220;4.9.0&#8243; _module_preset=&#8220;default&#8220;][et_pb_text _builder_version=&#8220;4.9.1&#8243; _module_preset=&#8220;default&#8220; hover_enabled=&#8220;0&#8243; sticky_enabled=&#8220;0&#8243;]<\/p>\n<p class=\"\u201cbodytext\u201c\"><strong class=\"\">AGB Onlineshop<br class=\"\" \/><\/strong><strong class=\"\">g\u00fcltige Fassung vom Mai 2018<\/strong><\/p>\n<div class=\"\"><\/div>\n<p class=\"\u201cbodytext\u201c\"><strong class=\"\">\u00a7 I. Allgemeine Gesch\u00e4ftsbedingungen und Kundeninformationen<\/strong><\/p>\n<p class=\"\u201cbodytext\u201c\">(1) Vertragsgrundlage<\/p>\n<p class=\"\u201cbodytext\u201c\">(2) Angebot, Zustandekommen des Vertrages, Korrekturm\u00f6glichkeiten, Vertragstextspeicherung<\/p>\n<p class=\"\u201cbodytext\u201c\">(3) Bezahlung und Auslieferung<\/p>\n<p class=\"\u201cbodytext\u201c\">(4) Preise und Versandkosten<\/p>\n<p class=\"\u201cbodytext\u201c\">(5) Gew\u00e4hrleistung<\/p>\n<p class=\"\u201cbodytext\u201c\">(5) Eigentumsvorbehalt.<\/p>\n<p class=\"\u201cbodytext\u201c\">(5) Gerichtsstandvereinbarung<\/p>\n<p class=\"\u201cbodytext\u201c\">(5) Pflichten des Kunden<\/p>\n<p class=\"\u201cbodytext\u201c\">(5) Informationen zur Onlinestreitbeilegung,<\/p>\n<p class=\"\u201cbodytext\u201c\">(5) Allgemeine Information zur Streitbeilegungsverfahren vor Verbraucherschlichtungsstellen<\/p>\n<div class=\"\"><\/div>\n<p class=\"\u201cbodytext\u201c\"><strong class=\"\">\u00a7 II. Weitere Kundeninformationen<\/strong><\/p>\n<p class=\"\u201cbodytext\u201c\">(5) Wesentliche Merkmale der Ware<\/p>\n<p class=\"\u201cbodytext\u201c\">(5) Preise und Versandkosten<\/p>\n<p class=\"\u201cbodytext\u201c\">(5) Zahlungs- und Lieferbedingungen, Liefertermin<\/p>\n<p class=\"\u201cbodytext\u201c\">(5) Vertragssprache<\/p>\n<p class=\"\u201cbodytext\u201c\">(5) Gew\u00e4hrleistung<\/p>\n<p class=\"\u201cbodytext\u201c\">(5) Kundendienst\/Reklamationen<\/p>\n<p class=\"\u201cbodytext\u201c\"><strong class=\"\">\u00a7 I. Allgemeine Gesch\u00e4ftsbedingungen und Kundeninformationen<\/strong><\/p>\n<p class=\"\u201cbodytext\u201c\">(1) Vertragsgrundlage<\/p>\n<p class=\"\u201cbodytext\u201c\">(a) Diese Allgemeinen Gesch\u00e4ftsbedingungen regeln die Vertragsbeziehung zwischen der<\/p>\n<p class=\"caption\">Entwicklung und Vertrieb von Pferdesportartikeln<br \/>Bj\u00f6rn Ahsbahs,\u00a0Fliederstr.8,\u00a075387 Neubulach<br \/>Tel.: +49 7053 967584,\u00a0Fax: +49 7053 967586, <a href=\"mailto:info@mein-butterfly.de\">info@mein-butterfly.de<\/a> (nachfolgend \u201eVerk\u00e4ufer\u201d) und dem Kunden bei Verk\u00e4ufen \u00fcber den Onlineshop <a href=\"https:\/\/shop.butterfly-voltigieren.de\" class=\"\">https:\/\/shop.butterfly-voltigieren.de<\/a> \u00fcber die durch den Verk\u00e4ufer eingestellten Waren.<\/p>\n<p class=\"\u201cbodytext\u201c\">Kunden im Sinne dieser Bestimmungen sind sowohl Verbraucher (jede nat\u00fcrliche Person, die ein Rechtsgesch\u00e4ft zu Zwecken abschlie\u00dft, die \u00fcberwiegend weder ihrer gewerblichen noch selbst\u00e4ndigen beruflichen T\u00e4tigkeit zugerechnet werden k\u00f6nnen) als auch Unternehmer (jede nat\u00fcrliche oder juristische Person oder eine rechtsf\u00e4hige Personengesellschaft, die bei Abschluss eines Rechtsgesch\u00e4fts in Aus\u00fcbung ihrer gewerblichen oder selbst\u00e4ndigen beruflichen T\u00e4tigkeit handelt).<\/p>\n<p class=\"\u201cbodytext\u201c\">(b) Die Allgemeinen Gesch\u00e4ftsbedingungen finden in der zum Zeitpunkt des Vertragsschlusses g\u00fcltigen Fassung f\u00fcr alle Warenliefervertr\u00e4ge Anwendung, die unter ausschlie\u00dflicher Verwendung von Fernkommunikationsmitteln zustande gekommen sind.<\/p>\n<p class=\"\u201cbodytext\u201c\">Abweichende AGB des Kunden finden nur dann Anwendung, wenn deren Einbeziehung ausdr\u00fccklich vereinbart worden ist. Eine Vereinbarung kann nicht bereits darin gesehen werden, dass der Verk\u00e4ufer in Kenntnis etwaiger Kunden-AGB die vereinbarte Leistung erbringt. Dies gilt auch, wenn der Verk\u00e4ufer der Geltung der Kunden-AGB bei Lieferung nicht ausdr\u00fccklich widersprochen hat.<\/p>\n<p class=\"\u201cbodytext\u201c\">(c) Die Vertragssprache ist deutsch. Es gilt das Recht der Bundesrepublik Deutschland unter Ausschluss des UN-Kaufrechts.<\/p>\n<p class=\"\u201cbodytext\u201c\">Gegen\u00fcber einem Verbraucher gilt diese Rechtswahl nur insoweit, als ihm dadurch nicht der Schutz entzogen wird, der ihm durch diejenigen zwingenden Bestimmungen des Landes in welchem der Verbraucher seinen gew\u00f6hnlichen Aufenthalt hat, gew\u00e4hrt wird.<\/p>\n<p class=\"\u201cbodytext\u201c\">(2) Angebot, Zustandekommen des Vertrages, Korrekturm\u00f6glichkeiten, Vertragstextspeicherung<\/p>\n<p class=\"\u201cbodytext\u201c\">(a) Die Produktbeschreibung auf den Onlineshopseiten des Verk\u00e4ufers stellen unverbindliche Angebote zur Abgabe einer Bestellung dar.<\/p>\n<p class=\"\u201cbodytext\u201c\">Nach dem Durchlaufen des Bestellablaufes durch den Kunden kommt der Kaufvertrag nach dem Eingang der verbindlichen Bestellung des Kunden durch \u00dcbermittlung der Vertragsbest\u00e4tigung durch den Verk\u00e4ufer (bspw. telefonisch, per Fax, E-Mail oder Brief) zustande.<\/p>\n<p class=\"\u201cbodytext\u201c\">Die zun\u00e4chst versendete automatische Best\u00e4tigung des Bestelleingangs stellt keine Annahme des Vertragsangebotes dar, sondern best\u00e4tigt lediglich den Eingang der Bestellung. Wird das Vertragsangebot nicht innerhalb von 2 Tagen angenommen, gilt dieses als abgelehnt und der Kunde ist hieran nicht mehr gebunden.<\/p>\n<p class=\"\u201cbodytext\u201c\">(b) Zur Abgabe der verbindlichen Bestellung des Kunden \u00fcber das Online-Warenkorbsystem des Verk\u00e4ufers legt der Kunde den bzw. die ausgew\u00e4hlten Artikel durch Anklicken des Buttons \u201eIn den Warenkorb\u201c in den virtuellen \u201eWarenkorb\u201c. Diesen kann der Kunde jederzeit durch Anklicken der gleichlautende Schaltfl\u00e4che bzw. des Warenkorbsymbols am rechten oberen Seitenrand \u00f6ffnen und \u00c4nderungen vornehmen. Nachdem der Kunde die gew\u00fcnschten Artikel in den \u201eWarenkorb\u201c gelegt hat, gelangt der Kunde \u00fcber den Warenkorb mittels Bet\u00e4tigung der Schaltfl\u00e4che \u201eKasse\u201d zun\u00e4chst zur Eingabe der pers\u00f6nlichen Daten bzw. zum Login-Bereich, soweit der Kunde beim Verk\u00e4ufer bereits ein Konto eingerichtet hat. In der weiteren Folge gelangt der Kunde \u00fcber die Auswahl der Zahlart und der Versandmethode auf die Bestell\u00fcbersichtsseite. Hier kann der Kunde nochmals alle Bestelldaten pr\u00fcfen und ggf. \u00c4nderungen oder Anpassungen (zum Beispiel durch Anklicken des Links \u201ebearbeiten\u201c\/ oder auch mittels Bet\u00e4tigung der \u201eZur\u00fcck\u201d-Funktion des Internetbrowsers) vornehmen oder die Bestellung abbrechen (bspw. durch Schlie\u00dfen des Browserfensters). Erst mit dem Anklicken des Buttons \u201ezahlungspflichtig bestellen\u201c ist der Bestellvorgang abgeschlossen.<\/p>\n<p class=\"\u201cbodytext\u201c\">(c) PayPal<\/p>\n<p class=\"\u201cbodytext\u201c\">Entscheidet sich der Kunde f\u00fcr die Zahlungsmethode \u201ePayPal\u201d, kommt in Abweichung zu Ziffer 2.a) der Vertrag zwischen dem Kunden und dem Verk\u00e4ufer mit der Bet\u00e4tigung des Buttons \u201ezahlungspflichtig bestellen\u201c unmittelbar zustande.<\/p>\n<p class=\"\u201cbodytext\u201c\">Am Ende des Bestellablaufes erscheint die Eingabemaske von PayPal, in welche der Kunde seine bei PayPal hinterlegte E-Mail-Adresse und sein PayPal-Passwort eintr\u00e4gt. Mit Best\u00e4tigung der Zahlung durch den Kunden wird der, aufgrund des geschlossenen Kaufvertrags \u00fcber die vom Kunden ausgew\u00e4hlten Produkte anfallende, Kaufpreis inklusive der etwaig anfallenden Versandkosten dem Konto des Verk\u00e4ufers unmittelbar gutgeschrieben. Der Versand erfolgt einen Werktag nach Zahlungsanweisung, gleichbedeutend mit dem Eingang der Zahlung.<\/p>\n<p class=\"\u201cbodytext\u201c\">(d) Soweit der Kunde ein Angebot bzw. eine Anfrage bspw. \u00fcber ein Kontaktformular, per E-Mail, Fax, Brief oder telefonisch an den Verk\u00e4ufer \u00fcbermittelt, \u00fcbersendet der Verk\u00e4ufer dem Kunden ein verbindliches Angebot per E-Mail, welches der Kunde innerhalb von 5 Tagen annehmen kann. Um die \u00fcbersandten Vertragsdaten zu speichern, kann der Kunde diese ausdrucken oder auf seinem PC oder einem anderen elektronischen Datentr\u00e4ger speichern.<\/p>\n<p class=\"\u201cbodytext\u201c\">(e) Hinweis zur Vertragstextspeicherung<\/p>\n<p class=\"\u201cbodytext\u201c\">Die Daten der Bestellung des Kunden und der Vertragstext werden von dem Verk\u00e4ufer nicht in einer f\u00fcr den Kunden nachtr\u00e4glich noch zugreifbaren Form gespeichert. F\u00fcr den Fall, dass der Kunde seine Bestelldaten dokumentieren m\u00f6chte, kann der Kunde diese vor Abgabe der verbindlichen Bestellung kopieren, ausdrucken oder auf sonstige Art speichern.<\/p>\n<p class=\"\u201cbodytext\u201c\">Der Verk\u00e4ufer \u00fcbermittelt dem Kunden jedoch sp\u00e4testens bei Lieferung der Ware eine Vertragsbest\u00e4tigung, in welcher der Vertragsinhalt wiedergegeben ist.<\/p>\n<p class=\"\u201cbodytext\u201c\">(3) Bezahlung, Auslieferung<\/p>\n<p class=\"\u201cbodytext\u201c\">(a) Soweit nicht etwas anderes vereinbart wurde, erfolgt die Lieferung einer bestellten Ware ausschlie\u00dflich gegen Zahlung bei Abholung, Vorkasse (also mittels \u00dcberweisung), Rechnung oder gegen Nachnahme an die im Rahmen des Bestellvorgangs hinterlegte Adresse. Etwas anderes gilt lediglich bei Zahlung mittels PayPal, hier erfolgt die Lieferung an die zum Zeitpunkt der Bezahlung bei PayPal hinterlegte Adresse.<\/p>\n<p class=\"\u201cbodytext\u201c\">Haben der Kunde und der Verk\u00e4ufer nichts Gegenteiliges vereinbart, ist bei Vorkasse die Zahlung sofort nach Vertragsschluss f\u00e4llig.<\/p>\n<p class=\"\u201cbodytext\u201c\">Der Verk\u00e4ufer beh\u00e4lt sich das Recht vor, die Zahlungsart Nachnahme oder Rechnung auszuschlie\u00dfen bzw. eine bestimmte Zahlungsart zu bestimmen.<\/p>\n<p class=\"\u201cbodytext\u201c\">(b) Die Lieferung erfolgt innerhalb von 5 Werktagen nach Zustandekommen des Vertrages, soweit in der Artikelbeschreibung nicht ausdr\u00fccklich eine hiervon abweichende Lieferzeit genannt ist oder ausdr\u00fccklich eine andere Lieferzeit vereinbart worden ist.<\/p>\n<p class=\"\u201cbodytext\u201c\">Soweit sich der Kunde f\u00fcr die Zahlungsart \u201e\u00dcberweisung\u201d entschieden hat, beginnt die Frist einen Tag nach T\u00e4tigung der \u00dcberweisung (Erteilung der Zahlungsanweisung an die Bank).<\/p>\n<p class=\"\u201cbodytext\u201c\">An Sonn-, Feier- und Samstagen erfolgen keine Lieferungen.<\/p>\n<p class=\"\u201cbodytext\u201c\">M\u00f6chte der Kunde von der M\u00f6glichkeit der Selbstabholung Gebrauch machen, so entstehen keine Versandkosten. Der Verk\u00e4ufer \u00fcbermittelt dem Kunden zun\u00e4chst eine E-Mail, dass die Ware f\u00fcr den Kunden zur Abholung bereit steht. Diese kann sodann nach Terminabsprache mit dem Verk\u00e4ufer durch den Kunden abgeholt werden.<\/p>\n<p class=\"\u201cbodytext\u201c\">(c) W\u00e4hlt der Kunde die M\u00f6glichkeit der Bezahlung mittels PayPal, wird die Zahlungsabwicklung durch die PayPal (Europe) S.\u00e0.r.l. et Cie, S.C.A., 22-24 Boulevard Royal, L-2449 Luxembourg durchgef\u00fchrt. Hierbei gelten die Nutzungsbedingungen der PayPal (Europe) S.\u00e0.r.l. et Cie, S.C.A. die der Kunde mit einem Konto bei der PayPal (Europe) S.\u00e0.r.l. et Cie, S.C.A. hier einsehen kann <a href=\"https:\/\/www.paypal.com\/de\/webapps\/mpp\/ua\/useragreement-full\" class=\"\">https:\/\/www.paypal.com\/de\/webapps\/mpp\/ua\/useragreement-full<\/a>; soweit der Kunde nicht \u00fcber eine entsprechendes Konto verf\u00fcgt, kommen die Nutzungsbedingungen \u201eBedingungen f\u00fcr Zahlungen ohne PayPal-Konto\u201d zur Anwendung, die der Kunde unter nachfolgender Internet-Adresse einsehen kann <a href=\"https:\/\/www.paypal.com\/de\/webapps\/mpp\/ua\/privacywax-full\" class=\"\">https:\/\/www.paypal.com\/de\/webapps\/mpp\/ua\/privacywax-full<\/a>.<\/p>\n<p class=\"\u201cbodytext\u201c\">(d) Im Falle der Zahlung bei Abholung informiert der Verk\u00e4ufer den Kunden \u00fcber die Bereitstellung der Ware zur Abholung. Sodann vereinbaren der Verk\u00e4ufer und der Kunde einen Termin zur Abholung der Ware beim Verk\u00e4ufer.<\/p>\n<p class=\"\u201cbodytext\u201c\">(4) Preise und Versandkosten<\/p>\n<p class=\"\u201cbodytext\u201c\">(a) Alle Preise sind in Euro (\u20ac) angegeben und beinhalten die gesetzliche Mehrwertsteuer, sowie sonstige Preisbestandteile und etwaig weitere anfallende Steuern und Abgaben (Gesamtpreis\/Endpreis). Die Preise gelten ausschlie\u00dflich f\u00fcr Bestellungen \u00fcber unseren Onlineshop.<\/p>\n<p class=\"\u201cbodytext\u201c\">(b) Zu den Produktpreisen kommen die jeweiligen Verpackungs-\/Versandkosten gem\u00e4\u00df Artikelbeschreibung (bei Nachnahme fallen die Nachnahmegeb\u00fchr sowie die unmittelbar an den Zusteller zu zahlende Zustellgeb\u00fchr an), welche unter dem Link \u201eVersand und Zahlung\u201c aufgef\u00fchrt sind.<\/p>\n<p class=\"\u201cbodytext\u201c\">(c) Neben den Versandkosten k\u00f6nnen bei Lieferungen au\u00dferhalb Deutschlands Z\u00f6lle, Zollgeb\u00fchren und Einfuhrumsatzsteuern f\u00e4llig werden. Diese Kosten sind vom Kunden zu tragen und werden in der Regel nicht vom Verk\u00e4ufer eingezogen. Der Kunde stellt den Verk\u00e4ufer von einer Inanspruchnahme hinsichtlich dieser Kosten frei. F\u00fcr die korrekte Verzollung der Ware und die daraus entstehenden Kosten ist der Kunde verantwortlich.<\/p>\n<p class=\"\u201cbodytext\u201c\">(5) Gew\u00e4hrleistung<\/p>\n<p class=\"\u201cbodytext\u201c\">(a) Dem Kunden stehen, soweit nicht in b) und c) Abweichendes geregelt ist, die gesetzlichen Gew\u00e4hrleistungsrechte zu.<\/p>\n<p class=\"\u201cbodytext\u201c\">(b) F\u00fcr Verbraucher verj\u00e4hren beim Kauf von gebrauchten Sachen die M\u00e4ngelanspr\u00fcche nach einem Jahr ab Gefahr\u00fcbergang.<\/p>\n<p class=\"\u201cbodytext\u201c\">F\u00fcr Unternehmer verj\u00e4hren M\u00e4ngelanspr\u00fcche f\u00fcr Neuwaren nach einem Jahr ab Gefahr\u00fcbergang, f\u00fcr gebrauchte Sachen ist die Gew\u00e4hrleistung ausgeschlossen.<\/p>\n<p class=\"\u201cbodytext\u201c\">(c) Die unter 5. b) geregelten verk\u00fcrzten bzw. ausgeschlossenen Gew\u00e4hrleistungsfristen gelten nicht in F\u00e4llen der Haftung f\u00fcr Sch\u00e4den wegen der Verletzung des Lebens, des K\u00f6rpers oder der Gesundheit. Gleiches gilt f\u00fcr von dem Verk\u00e4ufer oder dessen Erf\u00fcllungsgehilfen grob fahrl\u00e4ssig oder vors\u00e4tzlich verursachte Sch\u00e4den, bzw. bei Arglist und in den F\u00e4llen des R\u00fcckgriffsanpruchs gem\u00e4\u00df \u00a7\u00a7 478, 479 BGB; sowie f\u00fcr vom Verk\u00e4ufer \u00fcbernommene Garantien.<\/p>\n<p class=\"\u201cbodytext\u201c\">(6) Eigentumsvorbehalt<\/p>\n<p class=\"\u201cbodytext\u201c\">Die verkaufte Ware bleibt bis zur vollst\u00e4ndigen Bezahlung im Eigentum der <span>Schwarzwald-Sportzentrum Neubulach\u00a0<\/span><span>STS Sport- und Tagungsservice GmbH<\/span>. Der Kunde ist bis zum Erwerb des Eigentums nicht berechtigt, rechtsgesch\u00e4ftlich \u00fcber die Ware zu verf\u00fcgen. Er verpflichtet sich, den Verk\u00e4ufer umgehend in Kenntnis zu setzen, wenn Dritte Rechte an der Ware geltend machen.<\/p>\n<p class=\"\u201cbodytext\u201c\">(7) Gerichtsstandvereinbarung<\/p>\n<p class=\"\u201cbodytext\u201c\">(a) Ist der Vertragspartner ein Kaufmann, eine juristische Person des \u00f6ffentlichen Rechts oder ein \u00f6ffentlich-rechtliches Sonderverm\u00f6gen, wird als ausschlie\u00dflicher Gerichtsstand unser Gesch\u00e4ftssitz Neubulach f\u00fcr alle Anspr\u00fcche, die sich aus oder aufgrund dieses Vertrages ergeben, vereinbart.<\/p>\n<p class=\"\u201cbodytext\u201c\">(b) Ziffer 7. a) gilt auch gegen\u00fcber Personen, die keinen allgemeinen Gerichtsstand in Deutschland haben, oder Personen, die nach Abschluss des Vertrages ihren Wohnsitz oder gew\u00f6hnlichen Aufenthaltsort nach au\u00dferhalb von Deutschland verlegt haben, oder deren Wohnsitz oder gew\u00f6hnlicher Aufenthaltsort im Zeitpunkt der Klageerhebung nicht bekannt ist.<\/p>\n<p class=\"\u201cbodytext\u201c\">Dies gilt nicht, sofern der Kunde Verbraucher ist und seinen Wohnsitz bzw. seinen gew\u00f6hnlichen Aufenthalt in einem Mitgliedsstaat der Europ\u00e4ischen Union hat. In diesem Fall ist Klage vor dem zust\u00e4ndigen Gericht des Wohnsitzmitgliedstaates zu erheben.<\/p>\n<p class=\"\u201cbodytext\u201c\">(8) Pflichten des Kunden<\/p>\n<p class=\"\u201cbodytext\u201c\">Der Kunde hat sicherzustellen, dass die von ihm beim Verk\u00e4ufer hinterlegte Emailadresse korrekt ist. Des Weiteren ist durch den Kunden zu gew\u00e4hrleisten, dass er unter der hinterlegten Adresse Emails empfangen kann und dies insbesondere nicht durch einen SPAM-Filter verhindert wird, um den Zugang der zum Teil automatisiert per Email \u00fcbermittelten im Rahmen des Vertragsschlusses erforderlichen Informationen zu gew\u00e4hrleisten.<\/p>\n<p class=\"\u201cbodytext\u201c\">(9) Informationen zur Onlinestreitbeilegung<\/p>\n<p class=\"\u201cbodytext\u201c\">Seit dem 15. Februar 2016 stellt die EU-Kommission eine Internetplattform zur Online-Beilegung von Streitigkeiten (sog. \u201eOS-Plattform\u201c) bereit. Die OS-Plattform soll als zentrale Anlaufstelle f\u00fcr Verbraucher und Unternehmer dienen, um im Rahmen von Online-Rechtsgesch\u00e4ften entstandene Streitigkeiten au\u00dfergerichtlich beizulegen. Der nachfolgende Link f\u00fchrt zu der OS-Plattform: <a href=\"https:\/\/ec.europa.eu\/consumers\/odr\" class=\"\">https:\/\/ec.europa.eu\/consumers\/odr<\/a> Emailadresse: <a href=\"mailto:info@schwarzwald-sportzentrum.de\">info@schwarzwald-sportzentrum.de<\/a><\/p>\n<p class=\"\u201cbodytext\u201c\">(10) Allgemeine Information zur Streitbeilegungsverfahren vor Verbraucherschlichtungsstellen<\/p>\n<p class=\"\u201cbodytext\u201c\">An einem Streitbeilegungsverfahren vor einer Verbraucherschlichtungsstelle nehmen wir nicht teil.<\/p>\n<p class=\"\u201cbodytext\u201c\">(11) Sonstiges<\/p>\n<p class=\"\u201cbodytext\u201c\"><strong class=\"\">\u00a7 II. Weitere Kundeninformationen<\/strong><\/p>\n<p class=\"\u201cbodytext\u201c\">(1) Wesentliche Merkmale der Ware<\/p>\n<p class=\"\u201cbodytext\u201c\">Die wesentlichen Merkmale der Ware finden Sie jeweils in der Artikelbeschreibung.<\/p>\n<p class=\"\u201cbodytext\u201c\">(2) Preise und Versandkosten<\/p>\n<p class=\"\u201cbodytext\u201c\">Die in der Artikelbeschreibung angegebenen Produktpreise sowie die Versandkosten sind Gesamtpreise und beinhalten als solche alle Preisbestandteile einschlie\u00dflich Steuern.<\/p>\n<p class=\"\u201cbodytext\u201c\">Die Versandkosten sind, soweit keine kostenlose Lieferung angeboten bzw. vereinbart wird, vom Kunden zus\u00e4tzlich zum Artikelpreis zu tragen.<\/p>\n<p class=\"\u201cbodytext\u201c\">Die Versandkosten kann der Kunde der Artikelbeschreibung bzw. den Hinwiesen unter dem Link \u201eVersand und Zahlung\u201c entnehmen.<\/p>\n<p class=\"\u201cbodytext\u201c\">Die Versandkosten werden w\u00e4hrend des Bestellvorganges extra ausgewiesen.<\/p>\n<p class=\"\u201cbodytext\u201c\">(3) Zahlungs- und Lieferbedingungen, Liefertermin<\/p>\n<p class=\"\u201cbodytext\u201c\">Dem K\u00e4ufer stehen ausschlie\u00dflich die Zahlungsmittel \u201e\u00dcberweisung\u201d und \u201ePayPal\u201d zur Verf\u00fcgung.<\/p>\n<p class=\"\u201cbodytext\u201c\">N\u00e4here Einzelheiten entnehmen Sie bitte unseren vorstehenden AGB unter Ziffer 3. a). Die Lieferung erfolgt innerhalb von 5 Werktagen ab Zustandekommen des Vertrages, soweit in der Artikelbeschreibung nicht ausdr\u00fccklich eine hiervon abweichende Lieferzeit genannt ist oder ausdr\u00fccklich eine andere Lieferzeit vereinbart worden ist. An Sonn-, Feier- und Samstagen erfolgen keine Lieferungen.<\/p>\n<p class=\"\u201cbodytext\u201c\">N\u00e4here Einzelheiten entnehmen Sie bitte unseren vorstehenden AGB unter Ziffer 3. b).<\/p>\n<p class=\"\u201cbodytext\u201c\">(4) Vertragssprache<\/p>\n<p class=\"\u201cbodytext\u201c\">Vertragssprache ist deutsch.<\/p>\n<p class=\"\u201cbodytext\u201c\">(5) Gew\u00e4hrleistung<\/p>\n<p class=\"\u201cbodytext\u201c\">Die Bestimmungen bez\u00fcglich der M\u00e4ngelhaftungsrechte f\u00fcr die vom Verk\u00e4ufer angebotenen Waren sind unter Ziffer 5. der Verk\u00e4ufer-AGB dargestellt.<\/p>\n<p class=\"\u201cbodytext\u201c\">(6) Kundendienst\/Reklamationen<\/p>\n<p class=\"\u201cbodytext\u201c\">Unter der Telefonnummer 0<span>7053 967584<\/span> steht Ihnen der Verk\u00e4ufer gern f\u00fcr Fragen, Reklamationen, Anregungen aber auch bei Beschwerden zur Verf\u00fcgung.<\/p>\n<p>[\/et_pb_text][\/et_pb_column][\/et_pb_row][\/et_pb_section]<\/p>\n","protected":false},"excerpt":{"rendered":"<p>AGB Onlineshopg\u00fcltige Fassung vom Mai 2018 \u00a7 I. Allgemeine Gesch\u00e4ftsbedingungen und Kundeninformationen (1) Vertragsgrundlage (2) Angebot, Zustandekommen des Vertrages, Korrekturm\u00f6glichkeiten, Vertragstextspeicherung (3) Bezahlung und Auslieferung (4) Preise und Versandkosten (5) Gew\u00e4hrleistung (5) Eigentumsvorbehalt. (5) Gerichtsstandvereinbarung (5) Pflichten des Kunden (5) Informationen zur Onlinestreitbeilegung, (5) Allgemeine Information zur Streitbeilegungsverfahren vor Verbraucherschlichtungsstellen \u00a7 II. Weitere Kundeninformationen (5) [&hellip;]<\/p>\n","protected":false},"author":1,"featured_media":0,"parent":0,"menu_order":0,"comment_status":"closed","ping_status":"closed","template":"","meta":{"_et_pb_use_builder":"on","_et_pb_old_content":"","_et_gb_content_width":"","footnotes":""},"class_list":["post-395","page","type-page","status-publish","hentry"],"_links":{"self":[{"href":"https:\/\/butterfly-voltigieren.de\/index.php?rest_route=\/wp\/v2\/pages\/395","targetHints":{"allow":["GET"]}}],"collection":[{"href":"https:\/\/butterfly-voltigieren.de\/index.php?rest_route=\/wp\/v2\/pages"}],"about":[{"href":"https:\/\/butterfly-voltigieren.de\/index.php?rest_route=\/wp\/v2\/types\/page"}],"author":[{"embeddable":true,"href":"https:\/\/butterfly-voltigieren.de\/index.php?rest_route=\/wp\/v2\/users\/1"}],"replies":[{"embeddable":true,"href":"https:\/\/butterfly-voltigieren.de\/index.php?rest_route=%2Fwp%2Fv2%2Fcomments&post=395"}],"version-history":[{"count":6,"href":"https:\/\/butterfly-voltigieren.de\/index.php?rest_route=\/wp\/v2\/pages\/395\/revisions"}],"predecessor-version":[{"id":699,"href":"https:\/\/butterfly-voltigieren.de\/index.php?rest_route=\/wp\/v2\/pages\/395\/revisions\/699"}],"wp:attachment":[{"href":"https:\/\/butterfly-voltigieren.de\/index.php?rest_route=%2Fwp%2Fv2%2Fmedia&parent=395"}],"curies":[{"name":"wp","href":"https:\/\/api.w.org\/{rel}","templated":true}]}}