{"id":162,"date":"2021-03-01T12:13:38","date_gmt":"2021-03-01T11:13:38","guid":{"rendered":"https:\/\/shop.butterfly-voltigieren.de\/?page_id=162"},"modified":"2021-09-14T11:42:34","modified_gmt":"2021-09-14T09:42:34","slug":"162-2","status":"publish","type":"page","link":"https:\/\/butterfly-voltigieren.de\/?page_id=162","title":{"rendered":"Home"},"content":{"rendered":"<p>[et_pb_section fb_built=&#8220;1&#8243; admin_label=&#8220;Hero&#8220; module_id=&#8220;home&#8220; _builder_version=&#8220;4.9.1&#8243; background_color=&#8220;#000000&#8243; background_enable_image=&#8220;off&#8220; custom_padding=&#8220;50px||50px|0px|true|false&#8220;][et_pb_row _builder_version=&#8220;4.9.1&#8243; _module_preset=&#8220;default&#8220; custom_padding=&#8220;0px||0px||false|false&#8220;][et_pb_column type=&#8220;4_4&#8243; _builder_version=&#8220;4.9.1&#8243; _module_preset=&#8220;default&#8220;][et_pb_image src=&#8220;https:\/\/butterfly-voltigieren.de\/wp-content\/uploads\/2021\/03\/Gurt_1400px.jpg&#8220; title_text=&#8220;Gurt_1400px&#8220; align=&#8220;center&#8220; _builder_version=&#8220;4.9.1&#8243; _module_preset=&#8220;default&#8220;][\/et_pb_image][\/et_pb_column][\/et_pb_row][\/et_pb_section][et_pb_section fb_built=&#8220;1&#8243; _builder_version=&#8220;4.9.1&#8243; _module_preset=&#8220;default&#8220; background_color=&#8220;#6D2E46&#8243; custom_padding=&#8220;||0px|||&#8220;][et_pb_row _builder_version=&#8220;4.9.1&#8243; _module_preset=&#8220;default&#8220;][et_pb_column type=&#8220;4_4&#8243; _builder_version=&#8220;4.9.1&#8243; _module_preset=&#8220;default&#8220;][et_pb_cta title=&#8220;Voltigier-Zubeh\u00f6r von h\u00f6chster Qualit\u00e4t und Funktionalit\u00e4t&#8220; button_url=&#8220;https:\/\/butterfly-voltigieren.de\/wp-content\/uploads\/2021\/09\/Butterfly_Vaulting-9.21-NEU.pdf&#8220; url_new_window=&#8220;on&#8220; button_text=&#8220;Produktinfo PDF&#8220; _builder_version=&#8220;4.9.2&#8243; _module_preset=&#8220;default&#8220; header_text_color=&#8220;#DB5E9C&#8220; background_color=&#8220;RGBA(0,0,0,0)&#8220; min_height=&#8220;217px&#8220; custom_margin=&#8220;||5px|||&#8220; custom_padding=&#8220;0px||68px||false|false&#8220; hover_enabled=&#8220;0&#8243; sticky_enabled=&#8220;0&#8243;]<\/p>\n<div>\n<p><span>Seit einigen Jahren vertreiben wir schon erfolgreich die Butterfly-S\u00e4ttel mit dem innovativen Sattelbaumsystem.<\/span><\/p>\n<p><span>Gemeinsam mit dem Sattelhersteller haben wir jetzt auch einen enorm anpassungsf\u00e4higen Voltigiergurt und praktisches Zubeh\u00f6r f\u00fcr den anspruchsvollen Voltigiersport entwickelt.<\/span><\/p>\n<\/div>\n<p>[\/et_pb_cta][\/et_pb_column][\/et_pb_row][\/et_pb_section][et_pb_section fb_built=&#8220;1&#8243; _builder_version=&#8220;4.9.1&#8243; _module_preset=&#8220;default&#8220;][et_pb_row _builder_version=&#8220;4.9.1&#8243; _module_preset=&#8220;default&#8220;][et_pb_column type=&#8220;4_4&#8243; _builder_version=&#8220;4.9.1&#8243; _module_preset=&#8220;default&#8220;][et_pb_video src=&#8220;https:\/\/youtu.be\/I0JwvgGYZ64&#8243; _builder_version=&#8220;4.9.2&#8243; _module_preset=&#8220;default&#8220;][\/et_pb_video][\/et_pb_column][\/et_pb_row][\/et_pb_section][et_pb_section fb_built=&#8220;1&#8243; admin_label=&#8220;Products&#8220; module_id=&#8220;shop&#8220; _builder_version=&#8220;4.9.1&#8243; background_color=&#8220;#6D2E46&#8243; min_height=&#8220;1092.2px&#8220; min_height_tablet=&#8220;&#8220; min_height_phone=&#8220;&#8220; min_height_last_edited=&#8220;on|phone&#8220; custom_margin=&#8220;0px||0px||false|false&#8220; custom_padding=&#8220;0px||0px||false|false&#8220;][et_pb_row admin_label=&#8220;Products&#8220; _builder_version=&#8220;4.9.1&#8243; custom_margin=&#8220;-31px||-31px||true|false&#8220;][et_pb_column type=&#8220;4_4&#8243; _builder_version=&#8220;3.25&#8243; custom_padding=&#8220;|||&#8220; custom_padding__hover=&#8220;|||&#8220;][et_pb_text _builder_version=&#8220;4.9.1&#8243; text_font=&#8220;Montserrat|500|||||||&#8220; text_text_color=&#8220;rgba(47,56,84,0.5)&#8220; text_font_size=&#8220;16px&#8220; text_line_height=&#8220;1.9em&#8220; quote_font=&#8220;||||||||&#8220; header_font=&#8220;||||||||&#8220; header_text_color=&#8220;#ECE2D0&#8243; header_2_font=&#8220;|800|||||||&#8220; header_2_text_color=&#8220;#ECE2D0&#8243; header_2_font_size=&#8220;50px&#8220; header_2_line_height=&#8220;1.3em&#8220; text_orientation=&#8220;center&#8220; max_width=&#8220;700px&#8220; module_alignment=&#8220;center&#8220;]<\/p>\n<h2>Unsere Produkte<\/h2>\n<p>[\/et_pb_text][et_pb_shop orderby=&#8220;menu_order&#8220; _builder_version=&#8220;4.9.1&#8243; title_font=&#8220;Montserrat|700|||||||&#8220; title_text_align=&#8220;left&#8220; title_text_color=&#8220;#ECE2D0&#8243; title_font_size=&#8220;18px&#8220; title_line_height=&#8220;1.4em&#8220; price_font=&#8220;Montserrat|700|||||||&#8220; price_text_color=&#8220;#FFFFFF&#8220; price_line_height=&#8220;1em&#8220; custom_padding=&#8220;|0px||0px|false|false&#8220; title_font_last_edited=&#8220;off|phone&#8220; title_text_color_tablet=&#8220;&#8220; title_text_color_phone=&#8220;&#8220; title_text_color_last_edited=&#8220;on|tablet&#8220; title_font_size_tablet=&#8220;&#8220; title_font_size_phone=&#8220;17px&#8220; title_font_size_last_edited=&#8220;on|desktop&#8220; border_width_all_image=&#8220;4px&#8220; border_color_all_image=&#8220;#ECE2D0&#8243;][\/et_pb_shop][\/et_pb_column][\/et_pb_row][\/et_pb_section][et_pb_section fb_built=&#8220;1&#8243; _builder_version=&#8220;4.9.1&#8243; _module_preset=&#8220;default&#8220; background_color=&#8220;#000000&#8243; custom_padding=&#8220;0px||0px||true|false&#8220;][et_pb_row _builder_version=&#8220;4.9.0&#8243; _module_preset=&#8220;default&#8220; custom_padding=&#8220;||0px|||&#8220;][et_pb_column type=&#8220;4_4&#8243; _builder_version=&#8220;4.9.0&#8243; _module_preset=&#8220;default&#8220;][et_pb_text _builder_version=&#8220;4.9.0&#8243; _module_preset=&#8220;default&#8220; text_font=&#8220;Yeseva One||||||||&#8220; text_text_color=&#8220;#000000&#8243; text_font_size=&#8220;40px&#8220; background_layout=&#8220;dark&#8220; custom_margin=&#8220;||21px|||&#8220;]<\/p>\n<h1 style=\"text-align: center;\">Alle Produkte k\u00f6nnen auf Wunsch rein vegan gefertigt werden.<\/h1>\n<p>[\/et_pb_text][\/et_pb_column][\/et_pb_row][\/et_pb_section][et_pb_section fb_built=&#8220;1&#8243; _builder_version=&#8220;4.9.1&#8243; _module_preset=&#8220;default&#8220;][et_pb_row _builder_version=&#8220;4.9.1&#8243; _module_preset=&#8220;default&#8220;][et_pb_column type=&#8220;4_4&#8243; _builder_version=&#8220;4.9.1&#8243; _module_preset=&#8220;default&#8220;][et_pb_text _builder_version=&#8220;4.9.1&#8243; _module_preset=&#8220;default&#8220; text_font=&#8220;|800|||||||&#8220; text_text_color=&#8220;#6D2E46&#8243; text_font_size=&#8220;44px&#8220; header_2_text_align=&#8220;center&#8220; header_2_text_color=&#8220;#6D2E46&#8243; custom_margin=&#8220;0px||0px||true|false&#8220; custom_padding=&#8220;0px||0px||true|false&#8220;]<\/p>\n<p style=\"text-align: center;\">Feedback<\/p>\n<p>[\/et_pb_text][\/et_pb_column][\/et_pb_row][et_pb_row _builder_version=&#8220;4.9.2&#8243; _module_preset=&#8220;default&#8220; background_color=&#8220;#ECE2D0&#8243; custom_margin=&#8220;||30px||false|false&#8220; box_shadow_style=&#8220;preset3&#8243;][et_pb_column type=&#8220;4_4&#8243; _builder_version=&#8220;4.9.2&#8243; _module_preset=&#8220;default&#8220;][et_pb_image src=&#8220;https:\/\/butterfly-voltigieren.de\/wp-content\/uploads\/2021\/03\/luck.png&#8220; title_text=&#8220;luck&#8220; align=&#8220;center&#8220; _builder_version=&#8220;4.9.2&#8243; _module_preset=&#8220;default&#8220; width=&#8220;5%&#8220; width_tablet=&#8220;8%&#8220; width_phone=&#8220;10%&#8220; width_last_edited=&#8220;on|tablet&#8220; module_alignment=&#8220;center&#8220;][\/et_pb_image][et_pb_text _builder_version=&#8220;4.9.2&#8243; _module_preset=&#8220;default&#8220; custom_margin=&#8220;|40px||40px|false|true&#8220;]<\/p>\n<p class=\"western\"><span>Liebes Butterfly-Team<\/span>,<\/p>\n<p>wir, die Voltigierabteilung des Pferdesportverein Roggenburg, nutzen den Butterfly\u00a0Voltigiergurt bislang f\u00fcr Einzel\u00fcbungen (Coronabedingt) bei unseren Breitensportgruppen bis hin zur Klasse L. Unser Juniorteam wird nach ihren Sichtungsturnieren den Gurt ebenfalls testen, genauso wie das S-Team, Pas de deux und Einzel.<br \/>Durch die zwei Scharniere ist eine flexible Adaption und optimale Auflagefl\u00e4che und Druckverteilung auf verschiedenen Voltigierpferden, als auch auf dem Holzpferd oder Dolly Jumper, m\u00f6glich. Der Voltigiergurt liegt, Dank der verschiedenen Kissen, auf unserem Kaltbl\u00fcter Litas genauso gut auf wie bei unserem 1,85m gro\u00dfen Oldenburger Detective. Auch der Bauchgurt in Mondform liegt super an und erm\u00f6glicht den Pferden gen\u00fcgend Ellenbogenfreiheit und dadurch keine Scheuerstellen.<\/p>\n<p>Unsere Voltigierer und Pferde sind super zufrieden und k\u00f6nnen den Gurt absolut weiterempfehlen.<\/p>\n<p>Wer Interesse hat, kann gerne mit seinem Pferd zu uns kommen und den Gurt einmal testen &#x1f60a; es lohnt sich.<\/p>\n<p>Viele Gr\u00fc\u00dfe,<br \/>das Roggenburger Volti-Team<br \/>PSV Roggenburg e.V.<\/p>\n<p>19.05.2021<\/p>\n<p>[\/et_pb_text][\/et_pb_column][\/et_pb_row][et_pb_row _builder_version=&#8220;4.9.2&#8243; _module_preset=&#8220;default&#8220; background_color=&#8220;#ECE2D0&#8243; custom_margin=&#8220;||30px||false|false&#8220; box_shadow_style=&#8220;preset3&#8243;][et_pb_column type=&#8220;4_4&#8243; _builder_version=&#8220;4.9.2&#8243; _module_preset=&#8220;default&#8220;][et_pb_image src=&#8220;https:\/\/butterfly-voltigieren.de\/wp-content\/uploads\/2021\/03\/luck.png&#8220; title_text=&#8220;luck&#8220; align=&#8220;center&#8220; _builder_version=&#8220;4.9.2&#8243; _module_preset=&#8220;default&#8220; width=&#8220;5%&#8220; width_tablet=&#8220;8%&#8220; width_phone=&#8220;10%&#8220; width_last_edited=&#8220;on|tablet&#8220; module_alignment=&#8220;center&#8220;][\/et_pb_image][et_pb_text _builder_version=&#8220;4.9.2&#8243; _module_preset=&#8220;default&#8220; custom_margin=&#8220;|40px||40px|false|true&#8220;]<\/p>\n<p class=\"western\">Moin liebes Butterfly-Team,<\/p>\n<p class=\"western\">wir sind ein Voltigier- und Reitverein in Norderstedt bei Hamburg. Wir hatten vor ein paar Wochen das Gl\u00fcck einen von euren neuen Voltigiergurten zu ergattern und wollten euch erz\u00e4hlen wie begeistert wir sind! Eins von unseren Pferden hat schon seit einer Weile einen von euren S\u00e4tteln und auch durch die sehr positive Erfahrung die wir da mit euren Produkten und deren Qualit\u00e4t gemacht haben, waren wir gespannt, den Gurt testen zu k\u00f6nnen. Wir konnten zwar bisher nur einzelne \u00dcbungen ausprobieren, aber es hat den Start nach der Corona-Zwangspause definitiv noch ein bisschen mehr vers\u00fc\u00dft. Auch der Bauchgurt hat uns richtig vom Hocker gerissen, besonders weil wir mit anderen Gurten in der Vergangenheit h\u00e4ufig Probleme mit Scheuerstellen hinter den Ellenbogen etc. hatten.<\/p>\n<p class=\"western\">Wirklich ein cooler Gurt und weiter so!<\/p>\n<p>\u00a0Kati Jensen<br \/>Voltigierverein Norderstedt<br \/>13.03.2021<\/p>\n<p>[\/et_pb_text][\/et_pb_column][\/et_pb_row][et_pb_row _builder_version=&#8220;4.9.2&#8243; _module_preset=&#8220;default&#8220; background_color=&#8220;#ECE2D0&#8243; custom_margin=&#8220;||30px||false|false&#8220; box_shadow_style=&#8220;preset3&#8243;][et_pb_column type=&#8220;4_4&#8243; _builder_version=&#8220;4.9.2&#8243; _module_preset=&#8220;default&#8220;][et_pb_image src=&#8220;https:\/\/butterfly-voltigieren.de\/wp-content\/uploads\/2021\/03\/luck.png&#8220; title_text=&#8220;luck&#8220; align=&#8220;center&#8220; _builder_version=&#8220;4.9.2&#8243; _module_preset=&#8220;default&#8220; width=&#8220;5%&#8220; width_tablet=&#8220;8%&#8220; width_phone=&#8220;10%&#8220; width_last_edited=&#8220;on|tablet&#8220;][\/et_pb_image][et_pb_text _builder_version=&#8220;4.9.2&#8243; _module_preset=&#8220;default&#8220; custom_margin=&#8220;|40px||40px|false|true&#8220;]<\/p>\n<p class=\"western\">Hallo,<\/p>\n<p class=\"western\">Wir haben heute euren Voltigiergurt 4 Std am St\u00fcck begutachtet und getestet &#x1f609;.<br \/>Da wir uns noch im Einzel-Training Modus befinden, haben 16 Kinder nacheinander den Gurt getestet und bewertet.<br \/>Der Gurt wurde im gesamten positiv bewertet.<br \/>Die Kinder m\u00f6chten, dass wir den alten Gurt verkaufen und den Butterfly behalten &#x1f602;&#x1f602;&#x1f602;<\/p>\n<p>Hervorzuheben ist:<\/p>\n<ul>\n<li><span><\/span><strong>Geringes Gewicht<\/strong><br \/><span><\/span>Das Gewicht ist ein Mega cooler Vorteil.<\/li>\n<li><span><\/span><strong>Gute Passform<\/strong><\/li>\n<li><span><\/span><strong>Stabile Griffe (war besser als bei dem fehlenden dicken Kern erwartet).<\/strong>\u00a0Die Griffe sind im Durchmesser d\u00fcnner als herk\u00f6mmliche, dies empfanden tats\u00e4chlich alle 16 Voltis zwischen 5-19 Jahren besser zum Greifen<\/li>\n<li><strong>Tolles und einfaches nachgurten<\/strong><\/li>\n<\/ul>\n<p><strong><br \/><\/strong>Mich\u00e9le Knatz<strong><br \/><\/strong>Voltigierverein Langen<br \/>Sport und Therapieschule Weiss<br \/>06.03.2021<\/p>\n<p>[\/et_pb_text][\/et_pb_column][\/et_pb_row][et_pb_row _builder_version=&#8220;4.9.2&#8243; _module_preset=&#8220;default&#8220; background_color=&#8220;#ECE2D0&#8243; custom_margin=&#8220;||30px||false|false&#8220; box_shadow_style=&#8220;preset3&#8243;][et_pb_column type=&#8220;4_4&#8243; _builder_version=&#8220;4.9.2&#8243; _module_preset=&#8220;default&#8220;][et_pb_image src=&#8220;https:\/\/butterfly-voltigieren.de\/wp-content\/uploads\/2021\/03\/luck.png&#8220; title_text=&#8220;luck&#8220; align=&#8220;center&#8220; _builder_version=&#8220;4.9.2&#8243; _module_preset=&#8220;default&#8220; width=&#8220;5%&#8220; width_tablet=&#8220;8%&#8220; width_phone=&#8220;10%&#8220; width_last_edited=&#8220;on|tablet&#8220;][\/et_pb_image][et_pb_text _builder_version=&#8220;4.9.2&#8243; _module_preset=&#8220;default&#8220; custom_margin=&#8220;|40px||40px|false|true&#8220;]<\/p>\n<p>Wir, die Herrenberger Voltis m\u00f6chten uns ganz herzlich f\u00fcr die unkomplizierte und hervorragende Zusammenarbeit bedanken! Durch Zufall wurden wir Probanden f\u00fcr den neu entwickelten Gurt von Bj\u00f6rn Ahsbahs und Butterfly. Unser Voligierpferd bekam von heute auf Morgen Probleme mit seinem alten Gurt und selbst neue Polsterung etc. brachten keine Besserung! In meiner Not bat ich Bj\u00f6rn, mir einen Prototyp seines neuen Gurtes mal auszuleihen. Vom ersten Moment an lief unser Pferd wieder v\u00f6llig entspannt und ohne jegliche Probleme. Wir bestellten daraufhin sofort den neuen Gurt. Da es noch eine Zeit dauerte bis er geliefert werden konnte, \u00fcberlie\u00df Bj\u00f6rn uns einen Leihgurt f\u00fcr die ganze Zeit. Auch die sp\u00e4tere, genaue Anpassung mit den richtigen Kissen fand prompt und sehr kompetent statt. Wir sind super zufrieden und Einstein (unser Voltipferd) ist es ebenfalls. Wir haben mit Service und Qualit\u00e4t sehr gute Erfahrungen gemacht und k\u00f6nnen den Gurt nur w\u00e4rmstens empfehlen!<\/p>\n<p>Mit lieben Gr\u00fc\u00dfen,<\/p>\n<p>Christa und das M-Team von Herrenberg<\/p>\n<p>[\/et_pb_text][\/et_pb_column][\/et_pb_row][\/et_pb_section][et_pb_section fb_built=&#8220;1&#8243; _builder_version=&#8220;4.9.0&#8243; _module_preset=&#8220;default&#8220; background_color=&#8220;#db5e9c&#8220; background_enable_image=&#8220;off&#8220; custom_padding=&#8220;0px||0px||false|false&#8220;][et_pb_row _builder_version=&#8220;4.9.0&#8243; _module_preset=&#8220;default&#8220; background_color=&#8220;RGBA(0,0,0,0)&#8220; filter_opacity=&#8220;66%&#8220;][et_pb_column type=&#8220;4_4&#8243; _builder_version=&#8220;4.9.0&#8243; _module_preset=&#8220;default&#8220;][et_pb_cta title=&#8220;Butterfly-S\u00e4ttel&#8220; button_url=&#8220;http:\/\/wordpress.p583502.webspaceconfig.de&#8220; url_new_window=&#8220;on&#8220; button_text=&#8220;Zu den S\u00e4tteln&#8220; _builder_version=&#8220;4.9.2&#8243; _module_preset=&#8220;default&#8220; background_color=&#8220;RGBA(0,0,0,0)&#8220;]<\/p>\n<p><strong>Wir sind offizieller Vertriebspartner der Butterfly\u00ae-S\u00e4ttel.<\/strong><\/p>\n<p>Butterfly\u00ae S\u00e4ttel bieten ein revolution\u00e4res Sattelbaum-System, das so flexibel ist, dass es sich den meisten Pferden anpasst \u2013 unabh\u00e4ngig von Rasse und K\u00f6rperbau.<\/p>\n<p>Informieren Sie sich auf unserer Webseite:<\/p>\n<p>[\/et_pb_cta][\/et_pb_column][\/et_pb_row][\/et_pb_section][et_pb_section fb_built=&#8220;1&#8243; module_id=&#8220;kontakt&#8220; _builder_version=&#8220;4.9.2&#8243; _module_preset=&#8220;default&#8220; background_color=&#8220;#6D2E46&#8243; custom_margin=&#8220;0px||0px||false|false&#8220; custom_padding=&#8220;0px||0px||true|false&#8220;][et_pb_row column_structure=&#8220;1_2,1_2&#8243; _builder_version=&#8220;4.9.1&#8243; _module_preset=&#8220;default&#8220;][et_pb_column type=&#8220;1_2&#8243; _builder_version=&#8220;4.9.1&#8243; _module_preset=&#8220;default&#8220;][et_pb_cta title=&#8220;Wer wir sind&#8220; button_url=&#8220;mailto:info@butterfly-voltigieren.de&#8220; url_new_window=&#8220;on&#8220; button_text=&#8220;Mail&#8220; _builder_version=&#8220;4.9.1&#8243; _module_preset=&#8220;default&#8220; background_color=&#8220;RGBA(0,0,0,0)&#8220;]<\/p>\n<p class=\"western\">Butterfly Voltigieren ist eine Kooperation von Bj\u00f6rn Ahsbahs mit dem Hersteller der bekannten Butterfly-S\u00e4ttel.<\/p>\n<p class=\"western\"><strong>Bj\u00f6rn Ahsbahs<br \/><\/strong>Ehemaliger Leistungsvoltigierer, Reiter und Trainer<br \/>Vizeweltmeister im Einzelvoltigieren 1986<br \/>Gesch\u00e4ftsf\u00fchrender Gesellschafter des Pferdesportzentrums Neubulach<br \/>Sportwissenschaftler (MA)<br \/>Internationaler Referent<br \/>Organisator von Gro\u00dfveranstaltungen (u.a. WM Voltigieren 2000 in Mannheim)<br \/>Mitbegr\u00fcnder und langj\u00e4hriges Vorstandsmitglied der Interessengemeinschaft \u201eDer Voltigierzirkels\u201c<br \/>Viele Jahre Mitglied des Bundesfachbeirats Voltigieren der FN<br \/>langj\u00e4hriger Vorsitzender des Disziplinauschuss Voltigieren des Pferdesportverbands Baden-W\u00fcrttemberg<\/p>\n<p>[\/et_pb_cta][\/et_pb_column][et_pb_column type=&#8220;1_2&#8243; _builder_version=&#8220;4.9.1&#8243; _module_preset=&#8220;default&#8220;][et_pb_cta title=&#8220;So finden Sie uns&#8220; button_url=&#8220;https:\/\/www.google.com\/maps\/place\/B\u00fchlstra\u00dfe+11,+75387+Neubulach\/@48.6645798,8.6807468,17z\/data=!3m1!4b1!4m5!3m4!1s0x479743a89439f5c3:0x5b3d853de07d9d3b!8m2!3d48.6645798!4d8.6829355&#8243; url_new_window=&#8220;on&#8220; button_text=&#8220;Navi&#8220; _builder_version=&#8220;4.9.1&#8243; _module_preset=&#8220;default&#8220; background_color=&#8220;RGBA(0,0,0,0)&#8220;]<\/p>\n<p class=\"caption\"><strong>Bj\u00f6rn Ahsbahs<br \/><\/strong><span>Entwicklung und Vertrieb von Pferdesportartikeln<\/span><\/p>\n<p class=\"caption\">Schwarzwald-Sportzentrum Neubulach<br \/>B\u00fchlstr. 11<br \/>75387 Neubulach<\/p>\n<p class=\"caption\">Tel.: +49 7053 967584<br \/>Fax: +49 7053 967586<\/p>\n<p>[\/et_pb_cta][\/et_pb_column][\/et_pb_row][\/et_pb_section]<\/p>\n","protected":false},"excerpt":{"rendered":"<p>Seit einigen Jahren vertreiben wir schon erfolgreich die Butterfly-S\u00e4ttel mit dem innovativen Sattelbaumsystem. Gemeinsam mit dem Sattelhersteller haben wir jetzt auch einen enorm anpassungsf\u00e4higen Voltigiergurt und praktisches Zubeh\u00f6r f\u00fcr den anspruchsvollen Voltigiersport entwickelt. Unsere ProdukteAlle Produkte k\u00f6nnen auf Wunsch rein vegan gefertigt werden.FeedbackLiebes Butterfly-Team, wir, die Voltigierabteilung des Pferdesportverein Roggenburg, nutzen den Butterfly\u00a0Voltigiergurt bislang f\u00fcr [&hellip;]<\/p>\n","protected":false},"author":1,"featured_media":0,"parent":0,"menu_order":0,"comment_status":"closed","ping_status":"closed","template":"","meta":{"_et_pb_use_builder":"on","_et_pb_old_content":"","_et_gb_content_width":"","footnotes":""},"class_list":["post-162","page","type-page","status-publish","hentry"],"_links":{"self":[{"href":"https:\/\/butterfly-voltigieren.de\/index.php?rest_route=\/wp\/v2\/pages\/162","targetHints":{"allow":["GET"]}}],"collection":[{"href":"https:\/\/butterfly-voltigieren.de\/index.php?rest_route=\/wp\/v2\/pages"}],"about":[{"href":"https:\/\/butterfly-voltigieren.de\/index.php?rest_route=\/wp\/v2\/types\/page"}],"author":[{"embeddable":true,"href":"https:\/\/butterfly-voltigieren.de\/index.php?rest_route=\/wp\/v2\/users\/1"}],"replies":[{"embeddable":true,"href":"https:\/\/butterfly-voltigieren.de\/index.php?rest_route=%2Fwp%2Fv2%2Fcomments&post=162"}],"version-history":[{"count":139,"href":"https:\/\/butterfly-voltigieren.de\/index.php?rest_route=\/wp\/v2\/pages\/162\/revisions"}],"predecessor-version":[{"id":808,"href":"https:\/\/butterfly-voltigieren.de\/index.php?rest_route=\/wp\/v2\/pages\/162\/revisions\/808"}],"wp:attachment":[{"href":"https:\/\/butterfly-voltigieren.de\/index.php?rest_route=%2Fwp%2Fv2%2Fmedia&parent=162"}],"curies":[{"name":"wp","href":"https:\/\/api.w.org\/{rel}","templated":true}]}}